{"id":8118,"date":"2022-12-01T19:12:06","date_gmt":"2022-12-01T19:12:06","guid":{"rendered":"https:\/\/taxi-bratislava-city.sk\/non-stop-taxi\/"},"modified":"2024-11-12T13:40:07","modified_gmt":"2024-11-12T13:40:07","slug":"non-stop-taxi","status":"publish","type":"page","link":"https:\/\/taxi-bratislava-city.sk\/en\/non-stop-taxi\/","title":{"rendered":"Non stop taxi"},"content":{"rendered":"\t\t<div data-elementor-type=\"wp-page\" data-elementor-id=\"8118\" class=\"elementor elementor-8118 elementor-5889\" data-elementor-post-type=\"page\">\n\t\t\t\t\t\t<section class=\"elementor-section elementor-top-section elementor-element elementor-element-8c337e8 elementor-section-boxed elementor-section-height-default elementor-section-height-default\" data-id=\"8c337e8\" data-element_type=\"section\" data-e-type=\"section\">\n\t\t\t\t\t\t<div class=\"elementor-container elementor-column-gap-default\">\n\t\t\t\t\t<div class=\"elementor-column elementor-col-50 elementor-top-column elementor-element elementor-element-ddde492\" data-id=\"ddde492\" data-element_type=\"column\" data-e-type=\"column\">\n\t\t\t<div class=\"elementor-widget-wrap elementor-element-populated\">\n\t\t\t\t\t\t<div class=\"elementor-element elementor-element-37d8c4c elementor-widget__width-initial elementor-widget-tablet__width-inherit elementor-widget elementor-widget-heading\" data-id=\"37d8c4c\" data-element_type=\"widget\" data-e-type=\"widget\" data-widget_type=\"heading.default\">\n\t\t\t\t\t\t<div class=\"elementor-widget-container\">\n\t\t\t\t\t<h2 class=\"elementor-heading-title elementor-size-default\">Non stop taxi<\/h2>\t\t\t\t<\/div>\n\t\t\t\t<\/div>\n\t\t\t\t<div class=\"elementor-element elementor-element-c8f46c4 elementor-widget elementor-widget-spacer\" data-id=\"c8f46c4\" data-element_type=\"widget\" data-e-type=\"widget\" data-widget_type=\"spacer.default\">\n\t\t\t\t\t\t<div class=\"elementor-widget-container\">\n\t\t\t\t\t\t\t<div class=\"elementor-spacer\">\n\t\t\t<div class=\"elementor-spacer-inner\"><\/div>\n\t\t<\/div>\n\t\t\t\t\t\t<\/div>\n\t\t\t\t<\/div>\n\t\t\t\t<div class=\"elementor-element elementor-element-90461ed elementor-widget elementor-widget-text-editor\" data-id=\"90461ed\" data-element_type=\"widget\" data-e-type=\"widget\" data-widget_type=\"text-editor.default\">\n\t\t\t\t\t\t<div class=\"elementor-widget-container\">\n\t\t\t\t\t\t\t\t\t<p>Are you tired of unreliable taxi services that don&#8217;t pick up when you need them the most? With our <strong>non-stop taxi<\/strong>, this won&#8217;t happen. We are here for you 24 hours a day, not only on weekdays but also on weekends and holidays.  <\/p>\n<p>Spo\u013eahnite sa na na\u0161e <strong>nonstop taxi<\/strong> a nechajte sa do cie\u013ea va\u0161ej cesty odviez\u0165 pohodlne a bezpe\u010dne. Spokojnos\u0165 ka\u017ed\u00e9ho z\u00e1kazn\u00edka je pre n\u00e1s absol\u00fatnou prioritou. Preto sa v na\u0161om <strong>taxi nonstop<\/strong> stretnete s \u00fastretov\u00fdmi vodi\u010dmi a maxim\u00e1lnym komfortom.<\/p>\n<p>Most <a style=\"color: #000000;\" href=\"https:\/\/sk.wikipedia.org\/wiki\/Taxislu%C5%BEba\" target=\"_blank\" rel=\"noopener\"><span style=\"color: #000000;\">taxi services<\/span><\/a> that operate non-stop tend to be unreasonably expensive, and often you don\u2019t find out the fare until the end of your journey. With our <strong>non-stop taxi<\/strong>, you don\u2019t have to worry about such unfair practices. With us, the fare is determined upfront.   <strong><a style=\"background-color: var(--theme-palette-color-7); font-family: var(--theme-font-family); font-size: var(--theme-font-size); font-style: var(--theme-font-style, inherit); font-weight: var(--theme-font-weight); letter-spacing: var(--theme-letter-spacing); text-align: inherit; text-transform: var(--theme-text-transform);\" href=\"https:\/\/taxi-bratislava-city.sk\/en\/timed-order\/\" target=\"_blank\" rel=\"noopener\">You can also book us for an exact time.<\/a><\/strong><\/p>\n\t\t\t\t\t\t\t\t<\/div>\n\t\t\t\t<\/div>\n\t\t\t\t\t<\/div>\n\t\t<\/div>\n\t\t\t\t<div class=\"elementor-column elementor-col-50 elementor-top-column elementor-element elementor-element-af0ff9e\" data-id=\"af0ff9e\" data-element_type=\"column\" data-e-type=\"column\">\n\t\t\t<div class=\"elementor-widget-wrap elementor-element-populated\">\n\t\t\t\t\t\t<div class=\"elementor-element elementor-element-51e506d elementor-widget elementor-widget-image\" data-id=\"51e506d\" data-element_type=\"widget\" data-e-type=\"widget\" data-widget_type=\"image.default\">\n\t\t\t\t\t\t<div class=\"elementor-widget-container\">\n\t\t\t\t\t\t\t\t\t\t\t\t\t\t\t<img fetchpriority=\"high\" decoding=\"async\" width=\"1200\" height=\"800\" src=\"https:\/\/taxi-bratislava-city.sk\/wp-content\/uploads\/2024\/01\/non-stop-taxi-bratislava-city.webp\" class=\"attachment-full size-full wp-image-8024\" alt=\"Non stop taxi City - taxi service - airport transfer - multi seat taxi - drink taxi\" srcset=\"https:\/\/taxi-bratislava-city.sk\/wp-content\/uploads\/2024\/01\/non-stop-taxi-bratislava-city.webp 1200w, https:\/\/taxi-bratislava-city.sk\/wp-content\/uploads\/2024\/01\/non-stop-taxi-bratislava-city-300x200.webp 300w, https:\/\/taxi-bratislava-city.sk\/wp-content\/uploads\/2024\/01\/non-stop-taxi-bratislava-city-1024x683.webp 1024w, https:\/\/taxi-bratislava-city.sk\/wp-content\/uploads\/2024\/01\/non-stop-taxi-bratislava-city-150x100.webp 150w, https:\/\/taxi-bratislava-city.sk\/wp-content\/uploads\/2024\/01\/non-stop-taxi-bratislava-city-768x512.webp 768w\" sizes=\"(max-width: 1200px) 100vw, 1200px\" title=\"\">\t\t\t\t\t\t\t\t\t\t\t\t\t\t\t<\/div>\n\t\t\t\t<\/div>\n\t\t\t\t\t<\/div>\n\t\t<\/div>\n\t\t\t\t\t<\/div>\n\t\t<\/section>\n\t\t\t\t<section class=\"elementor-section elementor-top-section elementor-element elementor-element-cc3257e ct-section-stretched elementor-section-full_width elementor-section-height-default elementor-section-height-default\" data-id=\"cc3257e\" data-element_type=\"section\" data-e-type=\"section\" data-settings=\"{&quot;background_background&quot;:&quot;classic&quot;}\">\n\t\t\t\t\t\t<div class=\"elementor-container elementor-column-gap-no\">\n\t\t\t\t\t<div class=\"elementor-column elementor-col-50 elementor-top-column elementor-element elementor-element-32a910a\" data-id=\"32a910a\" data-element_type=\"column\" data-e-type=\"column\" data-settings=\"{&quot;background_background&quot;:&quot;classic&quot;}\">\n\t\t\t<div class=\"elementor-widget-wrap elementor-element-populated\">\n\t\t\t\t\t\t<div class=\"elementor-element elementor-element-e8c6282 elementor-widget elementor-widget-spacer\" data-id=\"e8c6282\" data-element_type=\"widget\" data-e-type=\"widget\" data-widget_type=\"spacer.default\">\n\t\t\t\t\t\t<div class=\"elementor-widget-container\">\n\t\t\t\t\t\t\t<div class=\"elementor-spacer\">\n\t\t\t<div class=\"elementor-spacer-inner\"><\/div>\n\t\t<\/div>\n\t\t\t\t\t\t<\/div>\n\t\t\t\t<\/div>\n\t\t\t\t\t<\/div>\n\t\t<\/div>\n\t\t\t\t<div class=\"elementor-column elementor-col-50 elementor-top-column elementor-element elementor-element-e4612c7\" data-id=\"e4612c7\" data-element_type=\"column\" data-e-type=\"column\">\n\t\t\t<div class=\"elementor-widget-wrap elementor-element-populated\">\n\t\t\t\t\t\t<div class=\"elementor-element elementor-element-05da84a elementor-widget elementor-widget-heading\" data-id=\"05da84a\" data-element_type=\"widget\" data-e-type=\"widget\" data-widget_type=\"heading.default\">\n\t\t\t\t\t\t<div class=\"elementor-widget-container\">\n\t\t\t\t\t<h2 class=\"elementor-heading-title elementor-size-default\">Looking for <br>reliable taxi service in Bratislava?<\/h2>\t\t\t\t<\/div>\n\t\t\t\t<\/div>\n\t\t\t\t<div class=\"elementor-element elementor-element-1f3d590 elementor-widget elementor-widget-text-editor\" data-id=\"1f3d590\" data-element_type=\"widget\" data-e-type=\"widget\" data-widget_type=\"text-editor.default\">\n\t\t\t\t\t\t<div class=\"elementor-widget-container\">\n\t\t\t\t\t\t\t\t\t<p>Look no further. Just contact us, arrange a pick-up time and place, and we&#8217;ll take care of the rest. Take advantage of our <strong>nonstop taxi service<\/strong> and enjoy a comfortable ride with us.  <\/p>\n\t\t\t\t\t\t\t\t<\/div>\n\t\t\t\t<\/div>\n\t\t\t\t<div class=\"elementor-element elementor-element-d006272 elementor-align-left elementor-mobile-align-center elementor-tablet-align-center elementor-widget elementor-widget-button\" data-id=\"d006272\" data-element_type=\"widget\" data-e-type=\"widget\" data-widget_type=\"button.default\">\n\t\t\t\t\t\t<div class=\"elementor-widget-container\">\n\t\t\t\t\t\t\t\t\t<div class=\"elementor-button-wrapper\">\n\t\t\t\t\t<a class=\"elementor-button elementor-button-link elementor-size-md elementor-animation-grow\" href=\"\/en\/taxi-bratislava-contact\/\">\n\t\t\t\t\t\t<span class=\"elementor-button-content-wrapper\">\n\t\t\t\t\t\t\t\t\t<span class=\"elementor-button-text\">Contact us<\/span>\n\t\t\t\t\t<\/span>\n\t\t\t\t\t<\/a>\n\t\t\t\t<\/div>\n\t\t\t\t\t\t\t\t<\/div>\n\t\t\t\t<\/div>\n\t\t\t\t\t<\/div>\n\t\t<\/div>\n\t\t\t\t\t<\/div>\n\t\t<\/section>\n\t\t\t\t<\/div>\n\t\t","protected":false},"excerpt":{"rendered":"<p>Non stop taxi Are you tired of unreliable taxi services that don&#8217;t pick up when you need them the most? With our non-stop taxi, this won&#8217;t happen. We are here for you 24 hours a day, not only on weekdays but also on weekends and holidays. Spo\u013eahnite sa na na\u0161e nonstop taxi a nechajte sa [&hellip;]<\/p>\n","protected":false},"author":4,"featured_media":8023,"parent":0,"menu_order":0,"comment_status":"closed","ping_status":"open","template":"","meta":{"iawp_total_views":5,"footnotes":""},"class_list":["post-8118","page","type-page","status-publish","has-post-thumbnail","hentry"],"blocksy_meta":[],"_links":{"self":[{"href":"https:\/\/taxi-bratislava-city.sk\/en\/wp-json\/wp\/v2\/pages\/8118","targetHints":{"allow":["GET"]}}],"collection":[{"href":"https:\/\/taxi-bratislava-city.sk\/en\/wp-json\/wp\/v2\/pages"}],"about":[{"href":"https:\/\/taxi-bratislava-city.sk\/en\/wp-json\/wp\/v2\/types\/page"}],"author":[{"embeddable":true,"href":"https:\/\/taxi-bratislava-city.sk\/en\/wp-json\/wp\/v2\/users\/4"}],"replies":[{"embeddable":true,"href":"https:\/\/taxi-bratislava-city.sk\/en\/wp-json\/wp\/v2\/comments?post=8118"}],"version-history":[{"count":0,"href":"https:\/\/taxi-bratislava-city.sk\/en\/wp-json\/wp\/v2\/pages\/8118\/revisions"}],"wp:featuredmedia":[{"embeddable":true,"href":"https:\/\/taxi-bratislava-city.sk\/en\/wp-json\/wp\/v2\/media\/8023"}],"wp:attachment":[{"href":"https:\/\/taxi-bratislava-city.sk\/en\/wp-json\/wp\/v2\/media?parent=8118"}],"curies":[{"name":"wp","href":"https:\/\/api.w.org\/{rel}","templated":true}]}}