{"id":8332,"date":"2024-01-18T08:03:37","date_gmt":"2024-01-18T08:03:37","guid":{"rendered":"https:\/\/taxi-bratislava-city.sk\/taxi-slovak-grob\/"},"modified":"2024-11-13T09:46:48","modified_gmt":"2024-11-13T09:46:48","slug":"taxi-slovensky-grob","status":"publish","type":"page","link":"https:\/\/taxi-bratislava-city.sk\/en\/taxi-slovensky-grob\/","title":{"rendered":"Taxi Slovensk\u00fd Grob"},"content":{"rendered":"\t\t<div data-elementor-type=\"wp-page\" data-elementor-id=\"8332\" class=\"elementor elementor-8332 elementor-7330\" data-elementor-post-type=\"page\">\n\t\t\t\t\t\t<section class=\"elementor-section elementor-top-section elementor-element elementor-element-6ab2681 elementor-section-boxed elementor-section-height-default elementor-section-height-default\" data-id=\"6ab2681\" data-element_type=\"section\" data-e-type=\"section\">\n\t\t\t\t\t\t<div class=\"elementor-container elementor-column-gap-default\">\n\t\t\t\t\t<div class=\"elementor-column elementor-col-50 elementor-top-column elementor-element elementor-element-ffdd3ad\" data-id=\"ffdd3ad\" data-element_type=\"column\" data-e-type=\"column\">\n\t\t\t<div class=\"elementor-widget-wrap elementor-element-populated\">\n\t\t\t\t\t\t<div class=\"elementor-element elementor-element-23228b6 elementor-widget__width-initial elementor-widget-tablet__width-inherit elementor-widget elementor-widget-heading\" data-id=\"23228b6\" data-element_type=\"widget\" data-e-type=\"widget\" data-widget_type=\"heading.default\">\n\t\t\t\t\t\t<div class=\"elementor-widget-container\">\n\t\t\t\t\t<h2 class=\"elementor-heading-title elementor-size-default\">Taxi Slovensk\u00fd Grob 0903 106 943<\/h2>\t\t\t\t<\/div>\n\t\t\t\t<\/div>\n\t\t\t\t<div class=\"elementor-element elementor-element-24cff7f elementor-widget elementor-widget-spacer\" data-id=\"24cff7f\" data-element_type=\"widget\" data-e-type=\"widget\" data-widget_type=\"spacer.default\">\n\t\t\t\t\t\t<div class=\"elementor-widget-container\">\n\t\t\t\t\t\t\t<div class=\"elementor-spacer\">\n\t\t\t<div class=\"elementor-spacer-inner\"><\/div>\n\t\t<\/div>\n\t\t\t\t\t\t<\/div>\n\t\t\t\t<\/div>\n\t\t\t\t<div class=\"elementor-element elementor-element-2ad4625 elementor-widget elementor-widget-text-editor\" data-id=\"2ad4625\" data-element_type=\"widget\" data-e-type=\"widget\" data-widget_type=\"text-editor.default\">\n\t\t\t\t\t\t<div class=\"elementor-widget-container\">\n\t\t\t\t\t\t\t\t\t<p>Residents of Slovensk\u00fd Grob, welcome to our taxi service page. We are Taxi Slovensk\u00fd Grob and we strive to be the best carrier in the entire Bratislava region and beyond. If you are looking for a truly <strong>comfortable and efficient transport and always on time<\/strong>, then you have come to the right place. We excel in our constant endeavour to provide our customers with the utmost in convenience and route efficiency with every transport. We are synonymous with reliability and fair dealing, which is why we rank among the best taxi companies in our area.    <\/p>\n<p>Taxi Slovensk\u00fd Grob has its tradition and reputation built up over many years. <strong>We pride ourselves on punctuality and reliability<\/strong> since our inception and our services guarantee that you will get everywhere you need to be on time, comfortably and safely.<\/p>\n\t\t\t\t\t\t\t\t<\/div>\n\t\t\t\t<\/div>\n\t\t\t\t\t<\/div>\n\t\t<\/div>\n\t\t\t\t<div class=\"elementor-column elementor-col-50 elementor-top-column elementor-element elementor-element-564c00b\" data-id=\"564c00b\" data-element_type=\"column\" data-e-type=\"column\">\n\t\t\t<div class=\"elementor-widget-wrap elementor-element-populated\">\n\t\t\t\t\t\t<div class=\"elementor-element elementor-element-d0487f5 elementor-widget elementor-widget-image\" data-id=\"d0487f5\" data-element_type=\"widget\" data-e-type=\"widget\" data-widget_type=\"image.default\">\n\t\t\t\t\t\t<div class=\"elementor-widget-container\">\n\t\t\t\t\t\t\t\t\t\t\t\t\t\t\t<img fetchpriority=\"high\" decoding=\"async\" width=\"1200\" height=\"800\" src=\"https:\/\/taxi-bratislava-city.sk\/wp-content\/uploads\/2024\/01\/taxi-slovensky-grob-city.jpg\" class=\"attachment-full size-full wp-image-8052\" alt=\"Taxi Slovensk\u00fd Grob City - taxi service - airport transfer - multi-seater taxi - drink taxi\" srcset=\"https:\/\/taxi-bratislava-city.sk\/wp-content\/uploads\/2024\/01\/taxi-slovensky-grob-city.jpg 1200w, https:\/\/taxi-bratislava-city.sk\/wp-content\/uploads\/2024\/01\/taxi-slovensky-grob-city-300x200.jpg 300w, https:\/\/taxi-bratislava-city.sk\/wp-content\/uploads\/2024\/01\/taxi-slovensky-grob-city-1024x683.jpg 1024w, https:\/\/taxi-bratislava-city.sk\/wp-content\/uploads\/2024\/01\/taxi-slovensky-grob-city-150x100.jpg 150w, https:\/\/taxi-bratislava-city.sk\/wp-content\/uploads\/2024\/01\/taxi-slovensky-grob-city-768x512.jpg 768w\" sizes=\"(max-width: 1200px) 100vw, 1200px\" title=\"\">\t\t\t\t\t\t\t\t\t\t\t\t\t\t\t<\/div>\n\t\t\t\t<\/div>\n\t\t\t\t\t<\/div>\n\t\t<\/div>\n\t\t\t\t\t<\/div>\n\t\t<\/section>\n\t\t\t\t<section class=\"elementor-section elementor-top-section elementor-element elementor-element-7fb5055 elementor-section-boxed elementor-section-height-default elementor-section-height-default\" data-id=\"7fb5055\" data-element_type=\"section\" data-e-type=\"section\">\n\t\t\t\t\t\t<div class=\"elementor-container elementor-column-gap-default\">\n\t\t\t\t\t<div class=\"elementor-column elementor-col-100 elementor-top-column elementor-element elementor-element-98871bc\" data-id=\"98871bc\" data-element_type=\"column\" data-e-type=\"column\">\n\t\t\t<div class=\"elementor-widget-wrap elementor-element-populated\">\n\t\t\t\t\t\t<div class=\"elementor-element elementor-element-a114f68 uael-post__link-complete-yes uael-post__separator-center uael-post__cta-fullwidth-yes elementor-widget elementor-widget-uael-posts\" data-id=\"a114f68\" data-element_type=\"widget\" data-e-type=\"widget\" data-settings=\"{&quot;card_slides_to_show_tablet&quot;:1,&quot;card_slides_to_show&quot;:3,&quot;card_slides_to_show_mobile&quot;:1,&quot;card_show_filters&quot;:&quot;no&quot;}\" data-widget_type=\"uael-posts.card\">\n\t\t\t\t\t\t<div class=\"elementor-widget-container\">\n\t\t\t\t\t\t\t<div class=\"uael-post__header\">\n\t\t\t\t\t<\/div>\n\t\t<div class=\"uael-post__body\">\n\t\t\t\n\t\t\n\t\t<div class=\"uael-post-grid uael-posts\" data-query-type=\"custom\" data-structure=\"normal\" data-layout=\"\" data-page=\"8332\" data-skin=\"card\" data-filter-default=\"\" data-offset-top=\"30\" >\n\n\t\t\t\t\t\t\t<div class=\"uael-post-grid__inner uael-post__columns-3 uael-post__columns-tablet-1 uael-post__columns-mobile-1\">\n\t\t\t\n<div class=\"uael-post-wrapper   \">\n\t<div class=\"uael-post__bg-wrap\">\n\n\t\t\t\t\t<a href=\"https:\/\/taxi-bratislava-city.sk\/en\/multi-passenger-taxi-bratislava\/\" target=\"_self\" class=\"uael-post__complete-box-overlay\" aria-label=\"Link Complete Box\"><\/a>\n\t\t\t\t\n\t\t<div class=\"uael-post__inner-wrap \">\n\n\t\t\t\t<div class=\"uael-post__thumbnail\">\n\t\t\t\n\t\t\t<a href=\"https:\/\/taxi-bratislava-city.sk\/en\/multi-passenger-taxi-bratislava\/\" target=\"_self\" title=\"Multi-Passenger taxi Bratislava\"><img decoding=\"async\" width=\"1200\" height=\"800\" src=\"https:\/\/taxi-bratislava-city.sk\/wp-content\/uploads\/2024\/01\/viacmiestne-taxi-bratislava-city.jpg\" class=\"attachment-full size-full wp-image-7995\" alt=\"Multi-passenger Taxi Bratislava City\" title=\"\" srcset=\"https:\/\/taxi-bratislava-city.sk\/wp-content\/uploads\/2024\/01\/viacmiestne-taxi-bratislava-city.jpg 1200w, https:\/\/taxi-bratislava-city.sk\/wp-content\/uploads\/2024\/01\/viacmiestne-taxi-bratislava-city-300x200.jpg 300w, https:\/\/taxi-bratislava-city.sk\/wp-content\/uploads\/2024\/01\/viacmiestne-taxi-bratislava-city-1024x683.jpg 1024w, https:\/\/taxi-bratislava-city.sk\/wp-content\/uploads\/2024\/01\/viacmiestne-taxi-bratislava-city-150x100.jpg 150w, https:\/\/taxi-bratislava-city.sk\/wp-content\/uploads\/2024\/01\/viacmiestne-taxi-bratislava-city-768x512.jpg 768w\" sizes=\"(max-width: 1200px) 100vw, 1200px\" \/><\/a>\n\t\t\t\t\t<\/div>\n\t\t\n\t\t\t\n\t\t\t<div class=\"uael-post__content-wrap\">\n\n\t\t\t\t\t<h2 class=\"uael-post__title\">\n\n\t\t\n\t\t\t\t\t\t<a href=\"https:\/\/taxi-bratislava-city.sk\/en\/multi-passenger-taxi-bratislava\/\" target=\"_self\">\n\t\t\t\tMulti-Passenger taxi Bratislava\t\t\t<\/a>\n\n\t\t\t\t<\/h2>\n\t\t<div class=\"uael-post__separator\"><\/div>\n\t\t<div class=\"uael-post__excerpt\">\n\t\t\tAre you looking for a multi-seater taxi in Bratislava? If so, you\u2019ve come to the right place. We offer multi-seater taxis throughout Bratislava that will always safely take you wherever you want to go. We ensure that our taxi services are at a professional level, so punctuality, comfort, and cleanliness are our absolute priorities. \t\t<\/div>\n\n\t\t\t\t\t<a class=\"uael-post__read-more elementor-button\" href=\"https:\/\/taxi-bratislava-city.sk\/en\/multi-passenger-taxi-bratislava\/\" target=\"_self\" aria-labelledby=\"uael-post-8092\">\n\t\t\t\t\t<span class=\"elementor-button-content-wrapper\">\n\t\t\t\t\t\t\t\t\t\t\t\t\t\t<span class=\"elementor-button-icon elementor-align-icon-left\">\n\n\t\t\t\t\t\t\t\t\t<svg aria-hidden=\"true\" class=\"e-font-icon-svg e-fas-info-circle\" viewBox=\"0 0 512 512\" xmlns=\"http:\/\/www.w3.org\/2000\/svg\"><path d=\"M256 8C119.043 8 8 119.083 8 256c0 136.997 111.043 248 248 248s248-111.003 248-248C504 119.083 392.957 8 256 8zm0 110c23.196 0 42 18.804 42 42s-18.804 42-42 42-42-18.804-42-42 18.804-42 42-42zm56 254c0 6.627-5.373 12-12 12h-88c-6.627 0-12-5.373-12-12v-24c0-6.627 5.373-12 12-12h12v-64h-12c-6.627 0-12-5.373-12-12v-24c0-6.627 5.373-12 12-12h64c6.627 0 12 5.373 12 12v100h12c6.627 0 12 5.373 12 12v24z\"><\/path><\/svg>\n\t\t\t\t\t\t\t\t<\/span>\n\t\t\t\t\t\t\t\t\t\t\t\t\t\n\t\t\t\t\t\t<span class=\"elementor-button-text\" id=uael-post-8092>More information<\/span>\n\t\t\t\t\t<\/span>\n\t\t\t\t<\/a>\n\t\t\t\t\t\t<\/div>\n\t\t\t\n\t\t<\/div>\n\t\t\n\t<\/div>\n\n<\/div>\n\n<div class=\"uael-post-wrapper   \">\n\t<div class=\"uael-post__bg-wrap\">\n\n\t\t\t\t\t<a href=\"https:\/\/taxi-bratislava-city.sk\/en\/drink-taxi\/\" target=\"_self\" class=\"uael-post__complete-box-overlay\" aria-label=\"Link Complete Box\"><\/a>\n\t\t\t\t\n\t\t<div class=\"uael-post__inner-wrap \">\n\n\t\t\t\t<div class=\"uael-post__thumbnail\">\n\t\t\t\n\t\t\t<a href=\"https:\/\/taxi-bratislava-city.sk\/en\/drink-taxi\/\" target=\"_self\" title=\"Drink taxi\"><img decoding=\"async\" width=\"1200\" height=\"800\" src=\"https:\/\/taxi-bratislava-city.sk\/wp-content\/uploads\/2024\/01\/drink-taxi-bratislava-city.jpg\" class=\"attachment-full size-full wp-image-7996\" alt=\"Drinka Taxi Bratislava City - Nonstop and at a good price\" title=\"\" srcset=\"https:\/\/taxi-bratislava-city.sk\/wp-content\/uploads\/2024\/01\/drink-taxi-bratislava-city.jpg 1200w, https:\/\/taxi-bratislava-city.sk\/wp-content\/uploads\/2024\/01\/drink-taxi-bratislava-city-300x200.jpg 300w, https:\/\/taxi-bratislava-city.sk\/wp-content\/uploads\/2024\/01\/drink-taxi-bratislava-city-1024x683.jpg 1024w, https:\/\/taxi-bratislava-city.sk\/wp-content\/uploads\/2024\/01\/drink-taxi-bratislava-city-150x100.jpg 150w, https:\/\/taxi-bratislava-city.sk\/wp-content\/uploads\/2024\/01\/drink-taxi-bratislava-city-768x512.jpg 768w\" sizes=\"(max-width: 1200px) 100vw, 1200px\" \/><\/a>\n\t\t\t\t\t<\/div>\n\t\t\n\t\t\t\n\t\t\t<div class=\"uael-post__content-wrap\">\n\n\t\t\t\t\t<h2 class=\"uael-post__title\">\n\n\t\t\n\t\t\t\t\t\t<a href=\"https:\/\/taxi-bratislava-city.sk\/en\/drink-taxi\/\" target=\"_self\">\n\t\t\t\tDrink taxi\t\t\t<\/a>\n\n\t\t\t\t<\/h2>\n\t\t<div class=\"uael-post__separator\"><\/div>\n\t\t<div class=\"uael-post__excerpt\">\n\t\t\tDid you arrive at a meeting or celebration in your own car, and unexpectedly alcohol has \u201ccrossed your path\u201d? Drink taxi is the safe solution to the entire situation. When you order a drink taxi, two drivers will come to pick you up so that one driver can take you and your vehicle to the desired address. This convenient taxi service is available throughout the country and nearby countries. Drink ...\t\t<\/div>\n\n\t\t\t\t\t<a class=\"uael-post__read-more elementor-button\" href=\"https:\/\/taxi-bratislava-city.sk\/en\/drink-taxi\/\" target=\"_self\" aria-labelledby=\"uael-post-8128\">\n\t\t\t\t\t<span class=\"elementor-button-content-wrapper\">\n\t\t\t\t\t\t\t\t\t\t\t\t\t\t<span class=\"elementor-button-icon elementor-align-icon-left\">\n\n\t\t\t\t\t\t\t\t\t<svg aria-hidden=\"true\" class=\"e-font-icon-svg e-fas-info-circle\" viewBox=\"0 0 512 512\" xmlns=\"http:\/\/www.w3.org\/2000\/svg\"><path d=\"M256 8C119.043 8 8 119.083 8 256c0 136.997 111.043 248 248 248s248-111.003 248-248C504 119.083 392.957 8 256 8zm0 110c23.196 0 42 18.804 42 42s-18.804 42-42 42-42-18.804-42-42 18.804-42 42-42zm56 254c0 6.627-5.373 12-12 12h-88c-6.627 0-12-5.373-12-12v-24c0-6.627 5.373-12 12-12h12v-64h-12c-6.627 0-12-5.373-12-12v-24c0-6.627 5.373-12 12-12h64c6.627 0 12 5.373 12 12v100h12c6.627 0 12 5.373 12 12v24z\"><\/path><\/svg>\n\t\t\t\t\t\t\t\t<\/span>\n\t\t\t\t\t\t\t\t\t\t\t\t\t\n\t\t\t\t\t\t<span class=\"elementor-button-text\" id=uael-post-8128>More information<\/span>\n\t\t\t\t\t<\/span>\n\t\t\t\t<\/a>\n\t\t\t\t\t\t<\/div>\n\t\t\t\n\t\t<\/div>\n\t\t\n\t<\/div>\n\n<\/div>\n\n<div class=\"uael-post-wrapper   \">\n\t<div class=\"uael-post__bg-wrap\">\n\n\t\t\t\t\t<a href=\"https:\/\/taxi-bratislava-city.sk\/en\/airport-transfer\/\" target=\"_self\" class=\"uael-post__complete-box-overlay\" aria-label=\"Link Complete Box\"><\/a>\n\t\t\t\t\n\t\t<div class=\"uael-post__inner-wrap \">\n\n\t\t\t\t<div class=\"uael-post__thumbnail\">\n\t\t\t\n\t\t\t<a href=\"https:\/\/taxi-bratislava-city.sk\/en\/airport-transfer\/\" target=\"_self\" title=\"Airport Transfer\"><img loading=\"lazy\" decoding=\"async\" width=\"1200\" height=\"800\" src=\"https:\/\/taxi-bratislava-city.sk\/wp-content\/uploads\/2024\/11\/airport-tranfer-taxi-to-and-from-airport.jpg\" class=\"attachment-full size-full wp-image-7997\" alt=\"Airport transfer - Taxi Bratislava City\" title=\"\" srcset=\"https:\/\/taxi-bratislava-city.sk\/wp-content\/uploads\/2024\/11\/airport-tranfer-taxi-to-and-from-airport.jpg 1200w, https:\/\/taxi-bratislava-city.sk\/wp-content\/uploads\/2024\/11\/airport-tranfer-taxi-to-and-from-airport-300x200.jpg 300w, https:\/\/taxi-bratislava-city.sk\/wp-content\/uploads\/2024\/11\/airport-tranfer-taxi-to-and-from-airport-1024x683.jpg 1024w, https:\/\/taxi-bratislava-city.sk\/wp-content\/uploads\/2024\/11\/airport-tranfer-taxi-to-and-from-airport-150x100.jpg 150w, https:\/\/taxi-bratislava-city.sk\/wp-content\/uploads\/2024\/11\/airport-tranfer-taxi-to-and-from-airport-768x512.jpg 768w\" sizes=\"(max-width: 1200px) 100vw, 1200px\" \/><\/a>\n\t\t\t\t\t<\/div>\n\t\t\n\t\t\t\n\t\t\t<div class=\"uael-post__content-wrap\">\n\n\t\t\t\t\t<h2 class=\"uael-post__title\">\n\n\t\t\n\t\t\t\t\t\t<a href=\"https:\/\/taxi-bratislava-city.sk\/en\/airport-transfer\/\" target=\"_self\">\n\t\t\t\tAirport Transfer\t\t\t<\/a>\n\n\t\t\t\t<\/h2>\n\t\t<div class=\"uael-post__separator\"><\/div>\n\t\t<div class=\"uael-post__excerpt\">\n\t\t\tDo you have a scheduled flight and need to be on time at the airport? Or are you traveling home and would like to have a taxi ready at the exact time? The Airport Transfer Taxi Bratislava City will never let you down, whether you are departing or have just landed at any airport. We provide transfers for routes including Bratislava - Schwechat, Brno, Budapest, Prague, Krakow, and Munich. Other ...\t\t<\/div>\n\n\t\t\t\t\t<a class=\"uael-post__read-more elementor-button\" href=\"https:\/\/taxi-bratislava-city.sk\/en\/airport-transfer\/\" target=\"_self\" aria-labelledby=\"uael-post-8126\">\n\t\t\t\t\t<span class=\"elementor-button-content-wrapper\">\n\t\t\t\t\t\t\t\t\t\t\t\t\t\t<span class=\"elementor-button-icon elementor-align-icon-left\">\n\n\t\t\t\t\t\t\t\t\t<svg aria-hidden=\"true\" class=\"e-font-icon-svg e-fas-info-circle\" viewBox=\"0 0 512 512\" xmlns=\"http:\/\/www.w3.org\/2000\/svg\"><path d=\"M256 8C119.043 8 8 119.083 8 256c0 136.997 111.043 248 248 248s248-111.003 248-248C504 119.083 392.957 8 256 8zm0 110c23.196 0 42 18.804 42 42s-18.804 42-42 42-42-18.804-42-42 18.804-42 42-42zm56 254c0 6.627-5.373 12-12 12h-88c-6.627 0-12-5.373-12-12v-24c0-6.627 5.373-12 12-12h12v-64h-12c-6.627 0-12-5.373-12-12v-24c0-6.627 5.373-12 12-12h64c6.627 0 12 5.373 12 12v100h12c6.627 0 12 5.373 12 12v24z\"><\/path><\/svg>\n\t\t\t\t\t\t\t\t<\/span>\n\t\t\t\t\t\t\t\t\t\t\t\t\t\n\t\t\t\t\t\t<span class=\"elementor-button-text\" id=uael-post-8126>More information<\/span>\n\t\t\t\t\t<\/span>\n\t\t\t\t<\/a>\n\t\t\t\t\t\t<\/div>\n\t\t\t\n\t\t<\/div>\n\t\t\n\t<\/div>\n\n<\/div>\n\t\t\t\t<\/div>\n\t\t\t\t\t\t\n\t\t<\/div>\n\n\t\t\t\t\t\t<\/div>\n\t\t<div class=\"uael-post__footer\">\n\t\t\t\t\t<\/div>\n\t\t\t\t\t\t<\/div>\n\t\t\t\t<\/div>\n\t\t\t\t\t<\/div>\n\t\t<\/div>\n\t\t\t\t\t<\/div>\n\t\t<\/section>\n\t\t\t\t<section class=\"elementor-section elementor-top-section elementor-element elementor-element-0a5a034 ct-section-stretched elementor-section-full_width elementor-section-height-default elementor-section-height-default\" data-id=\"0a5a034\" data-element_type=\"section\" data-e-type=\"section\" data-settings=\"{&quot;background_background&quot;:&quot;classic&quot;}\">\n\t\t\t\t\t\t<div class=\"elementor-container elementor-column-gap-no\">\n\t\t\t\t\t<div class=\"elementor-column elementor-col-50 elementor-top-column elementor-element elementor-element-f94e7bf\" data-id=\"f94e7bf\" data-element_type=\"column\" data-e-type=\"column\" data-settings=\"{&quot;background_background&quot;:&quot;classic&quot;}\">\n\t\t\t<div class=\"elementor-widget-wrap elementor-element-populated\">\n\t\t\t\t\t\t<div class=\"elementor-element elementor-element-3b1e579 elementor-widget elementor-widget-spacer\" data-id=\"3b1e579\" data-element_type=\"widget\" data-e-type=\"widget\" data-widget_type=\"spacer.default\">\n\t\t\t\t\t\t<div class=\"elementor-widget-container\">\n\t\t\t\t\t\t\t<div class=\"elementor-spacer\">\n\t\t\t<div class=\"elementor-spacer-inner\"><\/div>\n\t\t<\/div>\n\t\t\t\t\t\t<\/div>\n\t\t\t\t<\/div>\n\t\t\t\t\t<\/div>\n\t\t<\/div>\n\t\t\t\t<div class=\"elementor-column elementor-col-50 elementor-top-column elementor-element elementor-element-b4e9f0e\" data-id=\"b4e9f0e\" data-element_type=\"column\" data-e-type=\"column\">\n\t\t\t<div class=\"elementor-widget-wrap elementor-element-populated\">\n\t\t\t\t\t\t<div class=\"elementor-element elementor-element-3af85f6 elementor-widget elementor-widget-heading\" data-id=\"3af85f6\" data-element_type=\"widget\" data-e-type=\"widget\" data-widget_type=\"heading.default\">\n\t\t\t\t\t\t<div class=\"elementor-widget-container\">\n\t\t\t\t\t<h2 class=\"elementor-heading-title elementor-size-default\">Taxi Slovensk\u00fd Grob<br> Comfort - reliability - satisfaction<\/h2>\t\t\t\t<\/div>\n\t\t\t\t<\/div>\n\t\t\t\t<div class=\"elementor-element elementor-element-2df8814 elementor-widget elementor-widget-text-editor\" data-id=\"2df8814\" data-element_type=\"widget\" data-e-type=\"widget\" data-widget_type=\"text-editor.default\">\n\t\t\t\t\t\t<div class=\"elementor-widget-container\">\n\t\t\t\t\t\t\t\t\t<p>Our <span style=\"color: #ffffff;\"><a style=\"color: #ffffff;\" href=\"https:\/\/sk.wikipedia.org\/wiki\/Taxislu%C5%BEba\" target=\"_blank\" rel=\"noopener\">taxi service<\/a><\/span> prides itself on getting its customers<strong> everywhere on time, every time<\/strong>. With a team of experts behind the wheel and using modern technology, we can quickly and efficiently find the best route for you, minimising wasted time and ensuring a smooth journey. Customers can rely on us to arrive at their chosen destination on time. No more delays and unfair treatment. Taxi Slovensk\u00fd Grob is the right taxi company for you.    <\/p>\n\t\t\t\t\t\t\t\t<\/div>\n\t\t\t\t<\/div>\n\t\t\t\t<div class=\"elementor-element elementor-element-0899ba3 elementor-align-left elementor-mobile-align-center elementor-tablet-align-center elementor-widget elementor-widget-button\" data-id=\"0899ba3\" data-element_type=\"widget\" data-e-type=\"widget\" data-widget_type=\"button.default\">\n\t\t\t\t\t\t<div class=\"elementor-widget-container\">\n\t\t\t\t\t\t\t\t\t<div class=\"elementor-button-wrapper\">\n\t\t\t\t\t<a class=\"elementor-button elementor-button-link elementor-size-md elementor-animation-grow\" href=\"tel:0903106943\">\n\t\t\t\t\t\t<span class=\"elementor-button-content-wrapper\">\n\t\t\t\t\t\t\t\t\t<span class=\"elementor-button-text\">0903 106 943<\/span>\n\t\t\t\t\t<\/span>\n\t\t\t\t\t<\/a>\n\t\t\t\t<\/div>\n\t\t\t\t\t\t\t\t<\/div>\n\t\t\t\t<\/div>\n\t\t\t\t\t<\/div>\n\t\t<\/div>\n\t\t\t\t\t<\/div>\n\t\t<\/section>\n\t\t\t\t<\/div>\n\t\t","protected":false},"excerpt":{"rendered":"<p>Taxi Slovensk\u00fd Grob 0903 106 943 Residents of Slovensk\u00fd Grob, welcome to our taxi service page. We are Taxi Slovensk\u00fd Grob and we strive to be the best carrier in the entire Bratislava region and beyond. If you are looking for a truly comfortable and efficient transport and always on time, then you have come [&hellip;]<\/p>\n","protected":false},"author":2,"featured_media":8052,"parent":0,"menu_order":0,"comment_status":"closed","ping_status":"closed","template":"","meta":{"iawp_total_views":0,"footnotes":""},"class_list":["post-8332","page","type-page","status-publish","has-post-thumbnail","hentry"],"blocksy_meta":[],"_links":{"self":[{"href":"https:\/\/taxi-bratislava-city.sk\/en\/wp-json\/wp\/v2\/pages\/8332","targetHints":{"allow":["GET"]}}],"collection":[{"href":"https:\/\/taxi-bratislava-city.sk\/en\/wp-json\/wp\/v2\/pages"}],"about":[{"href":"https:\/\/taxi-bratislava-city.sk\/en\/wp-json\/wp\/v2\/types\/page"}],"author":[{"embeddable":true,"href":"https:\/\/taxi-bratislava-city.sk\/en\/wp-json\/wp\/v2\/users\/2"}],"replies":[{"embeddable":true,"href":"https:\/\/taxi-bratislava-city.sk\/en\/wp-json\/wp\/v2\/comments?post=8332"}],"version-history":[{"count":0,"href":"https:\/\/taxi-bratislava-city.sk\/en\/wp-json\/wp\/v2\/pages\/8332\/revisions"}],"wp:featuredmedia":[{"embeddable":true,"href":"https:\/\/taxi-bratislava-city.sk\/en\/wp-json\/wp\/v2\/media\/8052"}],"wp:attachment":[{"href":"https:\/\/taxi-bratislava-city.sk\/en\/wp-json\/wp\/v2\/media?parent=8332"}],"curies":[{"name":"wp","href":"https:\/\/api.w.org\/{rel}","templated":true}]}}